{"id":1990,"date":"2025-09-29T16:43:20","date_gmt":"2025-09-29T16:43:20","guid":{"rendered":"https:\/\/kaunai.org\/de\/?page_id=1990"},"modified":"2026-03-19T16:47:13","modified_gmt":"2026-03-19T16:47:13","slug":"allgemeine-geschaftsbedingungen","status":"publish","type":"page","link":"https:\/\/kaunai.org\/de\/allgemeine-geschaftsbedingungen\/","title":{"rendered":"Allgemeine Gesch\u00e4ftsbedingungen"},"content":{"rendered":"\t\t<div data-elementor-type=\"wp-page\" data-elementor-id=\"1990\" class=\"elementor elementor-1990\" data-elementor-post-type=\"page\">\n\t\t\t\t<div class=\"elementor-element elementor-element-b945fb5 e-flex e-con-boxed e-con e-parent\" data-id=\"b945fb5\" data-element_type=\"container\" data-e-type=\"container\" data-settings=\"{&quot;background_background&quot;:&quot;classic&quot;}\">\n\t\t\t\t\t<div class=\"e-con-inner\">\n\t\t<div class=\"elementor-element elementor-element-8d98c70 e-con-full e-flex e-con e-child\" data-id=\"8d98c70\" data-element_type=\"container\" data-e-type=\"container\">\n\t\t<div class=\"elementor-element elementor-element-8142316 e-con-full e-flex e-con e-child\" data-id=\"8142316\" data-element_type=\"container\" data-e-type=\"container\">\n\t\t\t\t<div class=\"elementor-element elementor-element-41c8d29 elementor-icon-list--layout-traditional elementor-list-item-link-full_width elementor-widget elementor-widget-icon-list\" data-id=\"41c8d29\" data-element_type=\"widget\" data-e-type=\"widget\" data-widget_type=\"icon-list.default\">\n\t\t\t\t\t\t\t<ul class=\"elementor-icon-list-items\">\n\t\t\t\t\t\t\t<li class=\"elementor-icon-list-item\">\n\t\t\t\t\t\t\t\t\t\t\t<span class=\"elementor-icon-list-icon\">\n\t\t\t\t\t\t\t<svg aria-hidden=\"true\" class=\"e-font-icon-svg e-fas-circle\" viewBox=\"0 0 512 512\" xmlns=\"http:\/\/www.w3.org\/2000\/svg\"><path d=\"M256 8C119 8 8 119 8 256s111 248 248 248 248-111 248-248S393 8 256 8z\"><\/path><\/svg>\t\t\t\t\t\t<\/span>\n\t\t\t\t\t\t\t\t\t\t<span class=\"elementor-icon-list-text\">Gesch\u00e4ftsbedingungen<\/span>\n\t\t\t\t\t\t\t\t\t<\/li>\n\t\t\t\t\t\t<\/ul>\n\t\t\t\t\t\t<\/div>\n\t\t\t\t<div class=\"elementor-element elementor-element-58f7453 elementor-widget elementor-widget-heading\" data-id=\"58f7453\" data-element_type=\"widget\" data-e-type=\"widget\" data-widget_type=\"heading.default\">\n\t\t\t\t\t<h1 class=\"elementor-heading-title elementor-size-default\">Allgemeine Gesch\u00e4ftsbedingungen<\/h1>\t\t\t\t<\/div>\n\t\t\t\t<div class=\"elementor-element elementor-element-a8b75f6 elementor-widget elementor-widget-heading\" data-id=\"a8b75f6\" data-element_type=\"widget\" data-e-type=\"widget\" data-widget_type=\"heading.default\">\n\t\t\t\t\t<p class=\"elementor-heading-title elementor-size-default\">Willkommen auf der Website von Kaun AI. Durch den Zugriff auf und die Nutzung dieser Website erkl\u00e4ren Sie sich mit den folgenden Nutzungsbedingungen einverstanden. Bitte lesen Sie diese sorgf\u00e4ltig durch. Sollten Sie nicht einverstanden sein, stellen Sie bitte die Nutzung dieser Website ein.<\/p>\t\t\t\t<\/div>\n\t\t\t\t<\/div>\n\t\t\t\t<\/div>\n\t\t\t\t\t<\/div>\n\t\t\t\t<\/div>\n\t\t<div class=\"elementor-element elementor-element-2086ed7 e-flex e-con-boxed e-con e-parent\" data-id=\"2086ed7\" data-element_type=\"container\" data-e-type=\"container\">\n\t\t\t\t\t<div class=\"e-con-inner\">\n\t\t<div class=\"elementor-element elementor-element-e8738e7 e-con-full e-flex e-con e-child\" data-id=\"e8738e7\" data-element_type=\"container\" data-e-type=\"container\">\n\t\t<div class=\"elementor-element elementor-element-1b7d8fa e-con-full e-flex e-con e-child\" data-id=\"1b7d8fa\" data-element_type=\"container\" data-e-type=\"container\">\n\t\t<div class=\"elementor-element elementor-element-0bd45bf e-con-full e-flex e-con e-child\" data-id=\"0bd45bf\" data-element_type=\"container\" data-e-type=\"container\">\n\t\t\t\t<div class=\"elementor-element elementor-element-19037c1 elementor-widget elementor-widget-text-editor\" data-id=\"19037c1\" data-element_type=\"widget\" data-e-type=\"widget\" data-widget_type=\"text-editor.default\">\n\t\t\t\t\t\t\t\t\t<h2 data-start=\"539\" data-end=\"565\">1. Verantwortliche Stelle<\/h2><p data-start=\"567\" data-end=\"597\">Diese Website wird betrieben von:<\/p><p data-start=\"599\" data-end=\"696\"><span data-teams=\"true\">Kaun AI gGmbH<br \/>Franz-Ehrlich-Str. 12, 12489 Berlin, Germany<br \/>E-Mail: info@kaunai.org<\/span><\/p><h2 data-start=\"703\" data-end=\"729\">2. Nutzung der Website<\/h2><p>Durch den Zugriff auf diese Website erkl\u00e4ren Sie sich mit der Einhaltung aller geltenden Gesetze und Vorschriften einverstanden.<\/p><p>Sie d\u00fcrfen nicht:<\/p><ul data-start=\"731\" data-end=\"1065\"><li data-start=\"731\" data-end=\"816\"><p data-start=\"733\" data-end=\"816\">Versuch, unbefugten Zugriff auf Systeme oder Daten zu erlangen<\/p><\/li><li data-start=\"817\" data-end=\"947\"><p data-start=\"819\" data-end=\"947\">Die Funktionalit\u00e4t oder Verf\u00fcgbarkeit der Website st\u00f6ren<\/p><\/li><li data-start=\"948\" data-end=\"1065\"><p data-start=\"950\" data-end=\"1065\">Einschleusen von Schadsoftware, b\u00f6sartigem Code oder sch\u00e4dlichen Inhalten<\/p><\/li><\/ul><p data-start=\"1072\" data-end=\"1101\">Alle Inhalte dienen ausschlie\u00dflich Informationszwecken und k\u00f6nnen jederzeit ohne vorherige Ank\u00fcndigung ge\u00e4ndert, aktualisiert oder entfernt werden.<\/p><h2 data-start=\"1072\" data-end=\"1101\">3. Geistiges Eigentum<\/h2><p data-start=\"1273\" data-end=\"1378\">Alle Inhalte dieser Website, einschlie\u00dflich, aber nicht beschr\u00e4nkt auf Texte, Bilder, Grafiken, Logos und Designelemente, sind geistiges Eigentum von Kaun AI oder seinen Lizenzgebern, sofern nicht ausdr\u00fccklich anders angegeben.<\/p><p data-start=\"1273\" data-end=\"1378\">Jegliche Vervielf\u00e4ltigung, Verbreitung, \u00c4nderung oder Nutzung von Inhalten ohne vorherige schriftliche Genehmigung von Kaun AI ist strengstens untersagt.<\/p><h2 data-start=\"1385\" data-end=\"1408\">4. Datenschutz<\/h2><p data-start=\"1410\" data-end=\"1501\">Personenbezogene Daten werden gem\u00e4\u00df unserer Datenschutzrichtlinie verarbeitet <a title=\"Datenschutzrichtlinie\" href=\"https:\/\/kaunai.org\/de\/privacy-policy\/\"><span style=\"text-decoration: underline;\"> Datenschutzrichtlinie.<\/span><\/a><\/p><p data-start=\"1410\" data-end=\"1501\">Dazu geh\u00f6rt:<\/p><ul data-start=\"1502\" data-end=\"1845\"><li data-start=\"1502\" data-end=\"1632\"><p data-start=\"1504\" data-end=\"1632\">Technische Daten wie IP-Adresse, Browsertyp und Betriebssystem werden aus Sicherheits- und Funktionalit\u00e4tsgr\u00fcnden erfasst.<\/p><\/li><li data-start=\"1633\" data-end=\"1745\"><p data-start=\"1635\" data-end=\"1745\">Kontaktdaten, die freiwillig per E-Mail oder Kontaktformularen \u00fcbermittelt wurden<\/p><\/li><\/ul><p data-start=\"1410\" data-end=\"1501\">Die Verarbeitung basiert auf:<\/p><ul data-start=\"1502\" data-end=\"1845\"><li data-start=\"1502\" data-end=\"1632\"><p data-start=\"1504\" data-end=\"1632\">Art. 6(1)(f) DSGVO (berechtigtes Interesse)<\/p><\/li><li data-start=\"1633\" data-end=\"1745\"><p data-start=\"1635\" data-end=\"1745\">Art. 6 Abs. 1 Buchst. a DSGVO (Einwilligung), soweit anwendbar<\/p><\/li><\/ul><p data-start=\"1847\" data-end=\"1895\">F\u00fcr n\u00e4here Informationen verweisen wir auf unsere <a title=\"Datenschutzrichtlinie\" href=\"https:\/\/kaunai.org\/de\/privacy-policy\/\"><span style=\"text-decoration: underline;\">Datenschutzrichtlinie.<\/span><\/a><\/p><h2 data-start=\"1902\" data-end=\"1942\">5. Cookies und Dienste von Drittanbietern<\/h2><ul><li><span data-teams=\"true\">Cookies k\u00f6nnen verwendet werden, um die Benutzerfreundlichkeit zu verbessern. Ihre Pr\u00e4ferenzen k\u00f6nnen \u00fcber das Einwilligungsbanner verwaltet werden, das Ihnen beim ersten Besuch angezeigt wird.<\/span><\/li><li>Das Hosting erfolgt durch Hostinger mit Servern in der EU.<\/li><li><span data-teams=\"true\">Google Fonts werden erst nach Zustimmung des Nutzers \u00fcber ein CDN geladen.<\/span><\/li><li><span data-teams=\"true\">Bootstrap, Font Awesome und andere Bibliotheken werden lokal gehostet.<\/span><\/li><li>Derzeit werden keine Analyse- oder Tracking-Tools verwendet.<\/li><\/ul><h2>6. Sicherheit<\/h2><ul><li data-start=\"2336\" data-end=\"2420\"><p data-start=\"2338\" data-end=\"2420\">Auf dem Live-Server wird SSL-Verschl\u00fcsselung verwendet, um die Daten\u00fcbertragung zu sichern.<\/p><\/li><li data-start=\"2421\" data-end=\"2510\"><p data-start=\"2423\" data-end=\"2510\">Der Zugriff auf die Server- und E-Mail-Infrastruktur ist durch starke Authentifizierungsma\u00dfnahmen gesch\u00fctzt.<\/p><\/li><li data-start=\"2511\" data-end=\"2601\"><p data-start=\"2513\" data-end=\"2601\">Drittanbieterbibliotheken werden lokal gehostet und regelm\u00e4\u00dfig aktualisiert, um Sicherheitsrisiken zu reduzieren.<\/p><\/li><\/ul><h2 data-start=\"2608\" data-end=\"2639\">7. Haftungsbeschr\u00e4nkung<\/h2><p>Kaun AI ist bestrebt, die Genauigkeit, Verf\u00fcgbarkeit und Sicherheit dieser Website zu gew\u00e4hrleisten. Ein ununterbrochener oder fehlerfreier Betrieb kann jedoch nicht garantiert werden.<\/p><p><span data-teams=\"true\">Kaun AI haftet nicht f\u00fcr Sch\u00e4den, die aus der Nutzung oder der Unm\u00f6glichkeit der Nutzung dieser Website entstehen, au\u00dfer im Falle von vors\u00e4tzlichem Fehlverhalten oder grober Fahrl\u00e4ssigkeit, soweit dies nach geltendem Recht zul\u00e4ssig ist.<\/span><\/p><h2 data-start=\"2936\" data-end=\"2955\">8. Benutzerrechte<\/h2><p data-start=\"2957\" data-end=\"2993\">Gem\u00e4\u00df der DSGVO haben Sie folgende Rechte:<\/p><ul data-start=\"2994\" data-end=\"3172\"><li data-start=\"2994\" data-end=\"3043\"><p data-start=\"2996\" data-end=\"3043\">Sie k\u00f6nnen auf Ihre personenbezogenen Daten zugreifen, diese berichtigen oder l\u00f6schen.<\/p><\/li><li data-start=\"3044\" data-end=\"3086\"><p data-start=\"3046\" data-end=\"3086\">Datenverarbeitung einschr\u00e4nken oder widersprechen.<\/p><\/li><li data-start=\"3087\" data-end=\"3120\"><p data-start=\"3089\" data-end=\"3120\">Sie k\u00f6nnen Ihre Einwilligung jederzeit widerrufen.<\/p><\/li><li data-start=\"3121\" data-end=\"3172\"><p data-start=\"3123\" data-end=\"3172\">Reichen Sie eine Beschwerde bei einer Aufsichtsbeh\u00f6rde ein.<\/p><\/li><\/ul><p data-start=\"3174\" data-end=\"3227\">Bei Fragen zum Datenschutz wenden Sie sich bitte an:<\/p><p data-start=\"3229\" data-end=\"3275\"><span data-teams=\"true\">Datenschutzbeauftragter Dr. med. Mohammed Alfarra<br \/>E-Mail: info@kaunai.org<\/span><\/p><h2 data-start=\"3282\" data-end=\"3312\">9. \u00c4nderungen dieser Bedingungen<\/h2><p data-start=\"3314\" data-end=\"3494\">Kaun AI beh\u00e4lt sich das Recht vor, diese Allgemeinen Gesch\u00e4ftsbedingungen jederzeit zu aktualisieren, um \u00c4nderungen der Dienstleistungen, rechtlichen Anforderungen oder internen Abl\u00e4ufen Rechnung zu tragen. Aktualisierungen werden auf dieser Seite ver\u00f6ffentlicht.<\/p><h2 data-start=\"3501\" data-end=\"3523\">10. Geltendes Recht<\/h2><p>Diese Allgemeinen Gesch\u00e4ftsbedingungen unterliegen dem Recht der Bundesrepublik Deutschland und sind nach diesem auszulegen.<\/p>\t\t\t\t\t\t\t\t<\/div>\n\t\t\t\t<\/div>\n\t\t\t\t<\/div>\n\t\t\t\t<\/div>\n\t\t\t\t\t<\/div>\n\t\t\t\t<\/div>\n\t\t<div class=\"elementor-element elementor-element-1afc826 e-con-full e-flex e-con e-parent\" data-id=\"1afc826\" data-element_type=\"container\" data-e-type=\"container\">\n\t\t\t\t<div class=\"elementor-element elementor-element-19c0075 elementor-widget elementor-widget-template\" data-id=\"19c0075\" data-element_type=\"widget\" data-e-type=\"widget\" data-widget_type=\"template.default\">\n\t\t\t\t<div class=\"elementor-widget-container\">\n\t\t\t\t\t\t\t<div class=\"elementor-template\">\n\t\t\t\t\t<div data-elementor-type=\"container\" data-elementor-id=\"1981\" class=\"elementor elementor-1981\" data-elementor-post-type=\"elementor_library\">\n\t\t\t\t<div class=\"elementor-element elementor-element-5ca98440 e-flex e-con-boxed e-con e-parent\" data-id=\"5ca98440\" data-element_type=\"container\" data-e-type=\"container\" data-settings=\"{&quot;background_background&quot;:&quot;classic&quot;}\">\n\t\t\t\t\t<div class=\"e-con-inner\">\n\t\t<div class=\"elementor-element elementor-element-7e8c3510 e-con-full e-flex e-con e-child\" data-id=\"7e8c3510\" data-element_type=\"container\" data-e-type=\"container\">\n\t\t<div class=\"elementor-element elementor-element-4ab08137 e-con-full e-flex e-con e-child\" data-id=\"4ab08137\" data-element_type=\"container\" data-e-type=\"container\">\n\t\t\t\t<div class=\"elementor-element elementor-element-f4c553 elementor-widget elementor-widget-heading\" data-id=\"f4c553\" data-element_type=\"widget\" data-e-type=\"widget\" data-widget_type=\"heading.default\">\n\t\t\t\t\t<h2 class=\"elementor-heading-title elementor-size-default\">Rechtlicher Hinweis<\/h2>\t\t\t\t<\/div>\n\t\t<div class=\"elementor-element elementor-element-1a6c1df9 e-con-full e-flex e-con e-child\" data-id=\"1a6c1df9\" data-element_type=\"container\" data-e-type=\"container\">\n\t\t\t\t<div class=\"elementor-element elementor-element-72bc0c4f elementor-widget elementor-widget-text-editor\" data-id=\"72bc0c4f\" data-element_type=\"widget\" data-e-type=\"widget\" data-widget_type=\"text-editor.default\">\n\t\t\t\t\t\t\t\t\t<p>Rechtliche Hinweise \/ Anbieterkennzeichnung gem\u00e4\u00df \u00a7 5 TMG (Telemediengesetz):<\/p><p>Kaun AI gGmbH<br \/>Franz-Ehrlich-Str. 12 <br \/>12489 Berlin, Germany<\/p><p class=\"mt-3\"><strong>Vertreten durch:<\/strong><br \/>Dr. med. Mohammed Alfarra<\/p><p><strong>Handelsregister:<\/strong> HRB 279198, <br \/><span class=\"TextRun SCXW248095852 BCX0\" lang=\"DE-DE\" xml:lang=\"DE-DE\" data-contrast=\"auto\"><span class=\"NormalTextRun SCXW248095852 BCX0\"><strong>Registergericht:<\/strong> Amtsgericht Berlin-Charlottenburg<\/span><\/span><span class=\"EOP SCXW248095852 BCX0\" data-ccp-props=\"{&quot;134233117&quot;:true,&quot;134233118&quot;:true}\">\u00a0<\/span><\/p><p><strong>Email:<\/strong>\u00a0info@kaunai.org<\/p>\t\t\t\t\t\t\t\t<\/div>\n\t\t\t\t<\/div>\n\t\t\t\t<\/div>\n\t\t\t\t<\/div>\n\t\t\t\t\t<\/div>\n\t\t\t\t<\/div>\n\t\t\t\t<\/div>\n\t\t\t\t<\/div>\n\t\t\t\t\t\t<\/div>\n\t\t\t\t<\/div>\n\t\t\t\t<\/div>\n\t\t<div class=\"elementor-element elementor-element-c35afca e-con-full e-flex e-con e-parent\" data-id=\"c35afca\" data-element_type=\"container\" data-e-type=\"container\">\n\t\t\t\t<div class=\"elementor-element elementor-element-c68d511 elementor-widget elementor-widget-template\" data-id=\"c68d511\" data-element_type=\"widget\" data-e-type=\"widget\" data-widget_type=\"template.default\">\n\t\t\t\t<div class=\"elementor-widget-container\">\n\t\t\t\t\t\t\t<div class=\"elementor-template\">\n\t\t\t\t\t<div data-elementor-type=\"container\" data-elementor-id=\"490\" class=\"elementor elementor-490\" data-elementor-post-type=\"elementor_library\">\n\t\t\t\t<div class=\"elementor-element elementor-element-a6f8d36 e-flex e-con-boxed e-con e-parent\" data-id=\"a6f8d36\" data-element_type=\"container\" data-e-type=\"container\" data-settings=\"{&quot;background_background&quot;:&quot;classic&quot;}\">\n\t\t\t\t\t<div class=\"e-con-inner\">\n\t\t<div class=\"elementor-element elementor-element-52e74048 e-con-full e-flex e-con e-child\" data-id=\"52e74048\" data-element_type=\"container\" data-e-type=\"container\">\n\t\t<div class=\"elementor-element elementor-element-65528e7 e-con-full e-flex e-con e-child\" data-id=\"65528e7\" data-element_type=\"container\" data-e-type=\"container\" data-settings=\"{&quot;background_background&quot;:&quot;classic&quot;}\">\n\t\t\t\t<div class=\"elementor-element elementor-element-8040062 elementor-widget elementor-widget-heading\" data-id=\"8040062\" data-element_type=\"widget\" data-e-type=\"widget\" data-widget_type=\"heading.default\">\n\t\t\t\t\t<h2 class=\"elementor-heading-title elementor-size-default\">Treten Sie unserer globalen Initiative bei<\/h2>\t\t\t\t<\/div>\n\t\t\t\t<div class=\"elementor-element elementor-element-14b51b21 elementor-widget__width-initial elementor-widget-tablet__width-inherit elementor-widget elementor-widget-heading\" data-id=\"14b51b21\" data-element_type=\"widget\" data-e-type=\"widget\" data-widget_type=\"heading.default\">\n\t\t\t\t\t<p class=\"elementor-heading-title elementor-size-default\">Kaun AI begr\u00fc\u00dft die Zusammenarbeit mit akademischen Einrichtungen, Organisationen des Gesundheitswesens, Forschungsgruppen und Technologiepartnern, um gemeinsam wirkungsvolle, klinisch fundierte KI-L\u00f6sungen zu entwickeln.<\/p>\t\t\t\t<\/div>\n\t\t\t\t<div class=\"elementor-element elementor-element-c0d05f0 elementor-widget__width-initial elementor-widget-tablet__width-inherit elementor-widget elementor-widget-heading\" data-id=\"c0d05f0\" data-element_type=\"widget\" data-e-type=\"widget\" data-widget_type=\"heading.default\">\n\t\t\t\t\t<p class=\"elementor-heading-title elementor-size-default\">Es bestehen M\u00f6glichkeiten zur Zusammenarbeit. Ausf\u00fchrliche Informationen zum Onboarding erhalten Sie auf Anfrage.<\/p>\t\t\t\t<\/div>\n\t\t<div class=\"elementor-element elementor-element-21db2787 e-con-full e-flex e-con e-child\" data-id=\"21db2787\" data-element_type=\"container\" data-e-type=\"container\">\n\t\t\t\t<div class=\"elementor-element elementor-element-19d05ac1 elementor-widget elementor-widget-button\" data-id=\"19d05ac1\" data-element_type=\"widget\" data-e-type=\"widget\" data-widget_type=\"button.default\">\n\t\t\t\t\t\t\t\t\t\t<a class=\"elementor-button elementor-button-link elementor-size-sm\" href=\"https:\/\/kaunai.org\/de\/machen-sie-mit\/\">\n\t\t\t\t\t\t<span class=\"elementor-button-content-wrapper\">\n\t\t\t\t\t\t\t\t\t<span class=\"elementor-button-text\">Arbeiten Sie mit uns zusammen<\/span>\n\t\t\t\t\t<\/span>\n\t\t\t\t\t<\/a>\n\t\t\t\t\t\t\t\t<\/div>\n\t\t\t\t<div class=\"elementor-element elementor-element-1594a0a elementor-widget elementor-widget-button\" data-id=\"1594a0a\" data-element_type=\"widget\" data-e-type=\"widget\" data-widget_type=\"button.default\">\n\t\t\t\t\t\t\t\t\t\t<a class=\"elementor-button elementor-button-link elementor-size-sm\" href=\"https:\/\/kaunai.org\/de\/kontaktieren-sie-uns\/\">\n\t\t\t\t\t\t<span class=\"elementor-button-content-wrapper\">\n\t\t\t\t\t\t\t\t\t<span class=\"elementor-button-text\">Kontaktieren Sie uns<\/span>\n\t\t\t\t\t<\/span>\n\t\t\t\t\t<\/a>\n\t\t\t\t\t\t\t\t<\/div>\n\t\t\t\t<\/div>\n\t\t\t\t<\/div>\n\t\t\t\t<\/div>\n\t\t\t\t\t<\/div>\n\t\t\t\t<\/div>\n\t\t\t\t<\/div>\n\t\t\t\t<\/div>\n\t\t\t\t\t\t<\/div>\n\t\t\t\t<\/div>\n\t\t\t\t<\/div>\n\t\t\t\t<\/div>\n\t\t","protected":false},"excerpt":{"rendered":"<p>Gesch\u00e4ftsbedingungen Allgemeine Gesch\u00e4ftsbedingungen Willkommen auf der Website von Kaun AI. Durch den Zugriff auf und die Nutzung dieser Website erkl\u00e4ren Sie sich mit den folgenden Nutzungsbedingungen einverstanden. Bitte lesen Sie diese sorgf\u00e4ltig durch. Sollten Sie nicht einverstanden sein, stellen Sie bitte die Nutzung dieser Website ein. 1. Verantwortliche Stelle Diese Website wird betrieben von: Kaun [&hellip;]<\/p>\n","protected":false},"author":1,"featured_media":0,"parent":0,"menu_order":0,"comment_status":"closed","ping_status":"closed","template":"","meta":{"_acf_changed":false,"footnotes":""},"class_list":["post-1990","page","type-page","status-publish","hentry"],"acf":[],"_links":{"self":[{"href":"https:\/\/kaunai.org\/de\/wp-json\/wp\/v2\/pages\/1990","targetHints":{"allow":["GET"]}}],"collection":[{"href":"https:\/\/kaunai.org\/de\/wp-json\/wp\/v2\/pages"}],"about":[{"href":"https:\/\/kaunai.org\/de\/wp-json\/wp\/v2\/types\/page"}],"author":[{"embeddable":true,"href":"https:\/\/kaunai.org\/de\/wp-json\/wp\/v2\/users\/1"}],"replies":[{"embeddable":true,"href":"https:\/\/kaunai.org\/de\/wp-json\/wp\/v2\/comments?post=1990"}],"version-history":[{"count":58,"href":"https:\/\/kaunai.org\/de\/wp-json\/wp\/v2\/pages\/1990\/revisions"}],"predecessor-version":[{"id":3730,"href":"https:\/\/kaunai.org\/de\/wp-json\/wp\/v2\/pages\/1990\/revisions\/3730"}],"wp:attachment":[{"href":"https:\/\/kaunai.org\/de\/wp-json\/wp\/v2\/media?parent=1990"}],"curies":[{"name":"wp","href":"https:\/\/api.w.org\/{rel}","templated":true}]}}